{"id":135,"date":"2023-03-22T21:42:03","date_gmt":"2023-03-22T20:42:03","guid":{"rendered":"https:\/\/ntsg.me\/?page_id=135"},"modified":"2023-03-24T17:49:32","modified_gmt":"2023-03-24T16:49:32","slug":"qui-sommes-nous","status":"publish","type":"page","link":"https:\/\/ntsg.me\/index.php\/qui-sommes-nous\/","title":{"rendered":"Qui sommes nous ?"},"content":{"rendered":"\t\t<div data-elementor-type=\"wp-page\" data-elementor-id=\"135\" class=\"elementor elementor-135\">\n\t\t\t\t\t\t\t\t\t<section class=\"elementor-section elementor-top-section elementor-element elementor-element-6d24a40 elementor-section-boxed elementor-section-height-default elementor-section-height-default\" data-id=\"6d24a40\" data-element_type=\"section\">\n\t\t\t\t\t\t<div class=\"elementor-container elementor-column-gap-default\">\n\t\t\t\t\t<div class=\"elementor-column elementor-col-100 elementor-top-column elementor-element elementor-element-4bd284c\" data-id=\"4bd284c\" data-element_type=\"column\">\n\t\t\t<div class=\"elementor-widget-wrap elementor-element-populated\">\n\t\t\t\t\t\t\t\t<div class=\"elementor-element elementor-element-c5e02f4 elementor-widget elementor-widget-image\" data-id=\"c5e02f4\" data-element_type=\"widget\" data-widget_type=\"image.default\">\n\t\t\t\t<div class=\"elementor-widget-container\">\n\t\t\t<style>\/*! elementor - v3.11.5 - 14-03-2023 *\/\n.elementor-widget-image{text-align:center}.elementor-widget-image a{display:inline-block}.elementor-widget-image a img[src$=\".svg\"]{width:48px}.elementor-widget-image img{vertical-align:middle;display:inline-block}<\/style>\t\t\t\t\t\t\t\t\t\t\t\t<img decoding=\"async\" width=\"1536\" height=\"70\" src=\"https:\/\/ntsg.me\/wp-content\/uploads\/2023\/03\/stick-1536x70.jpg\" class=\"attachment-1536x1536 size-1536x1536 wp-image-159\" alt=\"\" loading=\"lazy\" srcset=\"https:\/\/ntsg.me\/wp-content\/uploads\/2023\/03\/stick-1536x70.jpg 1536w, https:\/\/ntsg.me\/wp-content\/uploads\/2023\/03\/stick-300x14.jpg 300w, https:\/\/ntsg.me\/wp-content\/uploads\/2023\/03\/stick-1024x47.jpg 1024w, https:\/\/ntsg.me\/wp-content\/uploads\/2023\/03\/stick-768x35.jpg 768w, https:\/\/ntsg.me\/wp-content\/uploads\/2023\/03\/stick.jpg 1900w\" sizes=\"(max-width: 1536px) 100vw, 1536px\" \/>\t\t\t\t\t\t\t\t\t\t\t\t\t\t\t<\/div>\n\t\t\t\t<\/div>\n\t\t\t\t\t<\/div>\n\t\t<\/div>\n\t\t\t\t\t\t\t<\/div>\n\t\t<\/section>\n\t\t\t\t<section class=\"elementor-section elementor-top-section elementor-element elementor-element-94f6bf7 elementor-section-boxed elementor-section-height-default elementor-section-height-default\" data-id=\"94f6bf7\" data-element_type=\"section\">\n\t\t\t\t\t\t<div class=\"elementor-container elementor-column-gap-default\">\n\t\t\t\t\t<div class=\"elementor-column elementor-col-100 elementor-top-column elementor-element elementor-element-b4bc2f1\" data-id=\"b4bc2f1\" data-element_type=\"column\">\n\t\t\t<div class=\"elementor-widget-wrap elementor-element-populated\">\n\t\t\t\t\t\t\t\t<div class=\"elementor-element elementor-element-b261089 elementor-widget elementor-widget-text-editor\" data-id=\"b261089\" data-element_type=\"widget\" data-widget_type=\"text-editor.default\">\n\t\t\t\t<div class=\"elementor-widget-container\">\n\t\t\t<style>\/*! elementor - v3.11.5 - 14-03-2023 *\/\n.elementor-widget-text-editor.elementor-drop-cap-view-stacked .elementor-drop-cap{background-color:#818a91;color:#fff}.elementor-widget-text-editor.elementor-drop-cap-view-framed .elementor-drop-cap{color:#818a91;border:3px solid;background-color:transparent}.elementor-widget-text-editor:not(.elementor-drop-cap-view-default) .elementor-drop-cap{margin-top:8px}.elementor-widget-text-editor:not(.elementor-drop-cap-view-default) .elementor-drop-cap-letter{width:1em;height:1em}.elementor-widget-text-editor .elementor-drop-cap{float:left;text-align:center;line-height:1;font-size:50px}.elementor-widget-text-editor .elementor-drop-cap-letter{display:inline-block}<\/style>\t\t\t\t<p>NEW TECH SOLUTION Group (NTSG) est une entreprise priv\u00e9e de droit congolais, sp\u00e9cialis\u00e9e dans la prestation de service dans diff\u00e9rents domaines de l&#8217;industrie mais aussi dans le domaine de la s\u00e9curit\u00e9 incendie comme \u00e9tant une int\u00e9gralit\u00e9 de toutes les solutions s\u00e9curitaires; T\u00e9l\u00e9com, Mini\u00e8re, P\u00e9troli\u00e8re, Foresti\u00e8re, Agricole et Agropastorale, etc<\/p>\t\t\t\t\t\t<\/div>\n\t\t\t\t<\/div>\n\t\t\t\t\t<\/div>\n\t\t<\/div>\n\t\t\t\t\t\t\t<\/div>\n\t\t<\/section>\n\t\t\t\t<section class=\"elementor-section elementor-top-section elementor-element elementor-element-9db2950 elementor-section-boxed elementor-section-height-default elementor-section-height-default\" data-id=\"9db2950\" data-element_type=\"section\">\n\t\t\t\t\t\t<div class=\"elementor-container elementor-column-gap-default\">\n\t\t\t\t\t<div class=\"elementor-column elementor-col-50 elementor-top-column elementor-element elementor-element-392a509\" data-id=\"392a509\" data-element_type=\"column\">\n\t\t\t<div class=\"elementor-widget-wrap elementor-element-populated\">\n\t\t\t\t\t\t\t\t<div class=\"elementor-element elementor-element-e055a32 elementor-widget elementor-widget-text-editor\" data-id=\"e055a32\" data-element_type=\"widget\" data-widget_type=\"text-editor.default\">\n\t\t\t\t<div class=\"elementor-widget-container\">\n\t\t\t\t\t\t\t<p><img decoding=\"async\" loading=\"lazy\" class=\"wp-image-168 size-full alignleft\" style=\"font-family: var( --e-global-typography-text-font-family ), Sans-serif; font-weight: var( --e-global-typography-text-font-weight );\" src=\"http:\/\/ntsg.me\/wp-content\/uploads\/2023\/03\/boss.jpg\" alt=\"\" width=\"91\" height=\"85\" \/><\/p><p>NEW TECH SOLUTION Group \u00e9tant une structure de renommer et de standard mondial, notre business est celui de procurer de la qualit\u00e9 dans nos services, tout en offrant des\u00a0 co\u00fbts abordables et r\u00e9unissant les besoins de nos clients.<\/p>\t\t\t\t\t\t<\/div>\n\t\t\t\t<\/div>\n\t\t\t\t\t<\/div>\n\t\t<\/div>\n\t\t\t\t<div class=\"elementor-column elementor-col-50 elementor-top-column elementor-element elementor-element-6b8d147\" data-id=\"6b8d147\" data-element_type=\"column\">\n\t\t\t<div class=\"elementor-widget-wrap elementor-element-populated\">\n\t\t\t\t\t\t\t\t<div class=\"elementor-element elementor-element-49154ff elementor-widget elementor-widget-text-editor\" data-id=\"49154ff\" data-element_type=\"widget\" data-widget_type=\"text-editor.default\">\n\t\t\t\t<div class=\"elementor-widget-container\">\n\t\t\t\t\t\t\t<p><img decoding=\"async\" loading=\"lazy\" class=\"wp-image-167 size-full alignleft\" src=\"http:\/\/ntsg.me\/wp-content\/uploads\/2023\/03\/cadenas.jpg\" alt=\"\" width=\"91\" height=\"85\" \/><\/p><p>La s\u00e9curit\u00e9 passant avant tout, NTSG a aussi pour focus de cr\u00e9er et d&#8217;apporter des solutions de s\u00e9curit\u00e9 sp\u00e9cifiques, innovatrices et fortement effectives.<\/p>\t\t\t\t\t\t<\/div>\n\t\t\t\t<\/div>\n\t\t\t\t\t<\/div>\n\t\t<\/div>\n\t\t\t\t\t\t\t<\/div>\n\t\t<\/section>\n\t\t\t\t<section class=\"elementor-section elementor-top-section elementor-element elementor-element-d1657bc elementor-section-boxed elementor-section-height-default elementor-section-height-default\" data-id=\"d1657bc\" data-element_type=\"section\">\n\t\t\t\t\t\t<div class=\"elementor-container elementor-column-gap-default\">\n\t\t\t\t\t<div class=\"elementor-column elementor-col-100 elementor-top-column elementor-element elementor-element-60c8f40\" data-id=\"60c8f40\" data-element_type=\"column\">\n\t\t\t<div class=\"elementor-widget-wrap elementor-element-populated\">\n\t\t\t\t\t\t\t\t<div class=\"elementor-element elementor-element-49b9f4c elementor-widget elementor-widget-text-editor\" data-id=\"49b9f4c\" data-element_type=\"widget\" data-widget_type=\"text-editor.default\">\n\t\t\t\t<div class=\"elementor-widget-container\">\n\t\t\t\t\t\t\t<p>L&#8217;ultime but de New Tech Solution (NTSG) est d&#8217;apporter de la valeur ajout\u00e9e dans les organisations avec lesquelles elle s&#8217;engage tout en optimisant les performances de celle-ci.<\/p>\t\t\t\t\t\t<\/div>\n\t\t\t\t<\/div>\n\t\t\t\t\t<\/div>\n\t\t<\/div>\n\t\t\t\t\t\t\t<\/div>\n\t\t<\/section>\n\t\t\t\t<section class=\"elementor-section elementor-top-section elementor-element elementor-element-32103c6 elementor-section-boxed elementor-section-height-default elementor-section-height-default\" data-id=\"32103c6\" data-element_type=\"section\">\n\t\t\t\t\t\t<div class=\"elementor-container elementor-column-gap-default\">\n\t\t\t\t\t<div class=\"elementor-column elementor-col-100 elementor-top-column elementor-element elementor-element-0f84a15\" data-id=\"0f84a15\" data-element_type=\"column\">\n\t\t\t<div class=\"elementor-widget-wrap elementor-element-populated\">\n\t\t\t\t\t\t\t\t<div class=\"elementor-element elementor-element-d66691b elementor-widget elementor-widget-heading\" data-id=\"d66691b\" data-element_type=\"widget\" data-widget_type=\"heading.default\">\n\t\t\t\t<div class=\"elementor-widget-container\">\n\t\t\t<style>\/*! elementor - v3.11.5 - 14-03-2023 *\/\n.elementor-heading-title{padding:0;margin:0;line-height:1}.elementor-widget-heading .elementor-heading-title[class*=elementor-size-]>a{color:inherit;font-size:inherit;line-height:inherit}.elementor-widget-heading .elementor-heading-title.elementor-size-small{font-size:15px}.elementor-widget-heading .elementor-heading-title.elementor-size-medium{font-size:19px}.elementor-widget-heading .elementor-heading-title.elementor-size-large{font-size:29px}.elementor-widget-heading .elementor-heading-title.elementor-size-xl{font-size:39px}.elementor-widget-heading .elementor-heading-title.elementor-size-xxl{font-size:59px}<\/style><h4 class=\"elementor-heading-title elementor-size-default\">Entreprise priv\u00e9e de droit congolais<\/h4>\t\t<\/div>\n\t\t\t\t<\/div>\n\t\t\t\t\t<\/div>\n\t\t<\/div>\n\t\t\t\t\t\t\t<\/div>\n\t\t<\/section>\n\t\t\t\t<section class=\"elementor-section elementor-top-section elementor-element elementor-element-ca07d7d elementor-section-boxed elementor-section-height-default elementor-section-height-default\" data-id=\"ca07d7d\" data-element_type=\"section\">\n\t\t\t\t\t\t<div class=\"elementor-container elementor-column-gap-default\">\n\t\t\t\t\t<div class=\"elementor-column elementor-col-50 elementor-top-column elementor-element elementor-element-64d251b\" data-id=\"64d251b\" data-element_type=\"column\">\n\t\t\t<div class=\"elementor-widget-wrap elementor-element-populated\">\n\t\t\t\t\t\t\t\t<div class=\"elementor-element elementor-element-d781dc1 elementor-widget elementor-widget-text-editor\" data-id=\"d781dc1\" data-element_type=\"widget\" data-widget_type=\"text-editor.default\">\n\t\t\t\t<div class=\"elementor-widget-container\">\n\t\t\t\t\t\t\t<p>RCCM : CG-PNR-01-2020-A10-00978<\/p><p>NIU : P2100000019305BV<\/p>\t\t\t\t\t\t<\/div>\n\t\t\t\t<\/div>\n\t\t\t\t\t<\/div>\n\t\t<\/div>\n\t\t\t\t<div class=\"elementor-column elementor-col-50 elementor-top-column elementor-element elementor-element-d2a6dde\" data-id=\"d2a6dde\" data-element_type=\"column\">\n\t\t\t<div class=\"elementor-widget-wrap elementor-element-populated\">\n\t\t\t\t\t\t\t\t<div class=\"elementor-element elementor-element-784918c elementor-widget elementor-widget-text-editor\" data-id=\"784918c\" data-element_type=\"widget\" data-widget_type=\"text-editor.default\">\n\t\t\t\t<div class=\"elementor-widget-container\">\n\t\t\t\t\t\t\t<p>Autorisation des mines : N\u00b000000859\/MIMG\/DGM\/DCTC<\/p><p>Compte bancaire : Copina 371020000682<\/p>\t\t\t\t\t\t<\/div>\n\t\t\t\t<\/div>\n\t\t\t\t\t<\/div>\n\t\t<\/div>\n\t\t\t\t\t\t\t<\/div>\n\t\t<\/section>\n\t\t\t\t\t\t\t<\/div>\n\t\t","protected":false},"excerpt":{"rendered":"<p>NEW TECH SOLUTION Group (NTSG) est une entreprise priv\u00e9e de droit congolais, sp\u00e9cialis\u00e9e dans la prestation de service dans diff\u00e9rents domaines de l&#8217;industrie mais aussi dans le domaine de la s\u00e9curit\u00e9 incendie comme \u00e9tant une int\u00e9gralit\u00e9 de toutes les solutions s\u00e9curitaires; T\u00e9l\u00e9com, Mini\u00e8re, P\u00e9troli\u00e8re, Foresti\u00e8re, Agricole et Agropastorale, etc NEW TECH SOLUTION Group \u00e9tant une [&hellip;]<\/p>\n","protected":false},"author":1,"featured_media":0,"parent":0,"menu_order":0,"comment_status":"closed","ping_status":"closed","template":"","meta":[],"_links":{"self":[{"href":"https:\/\/ntsg.me\/index.php\/wp-json\/wp\/v2\/pages\/135"}],"collection":[{"href":"https:\/\/ntsg.me\/index.php\/wp-json\/wp\/v2\/pages"}],"about":[{"href":"https:\/\/ntsg.me\/index.php\/wp-json\/wp\/v2\/types\/page"}],"author":[{"embeddable":true,"href":"https:\/\/ntsg.me\/index.php\/wp-json\/wp\/v2\/users\/1"}],"replies":[{"embeddable":true,"href":"https:\/\/ntsg.me\/index.php\/wp-json\/wp\/v2\/comments?post=135"}],"version-history":[{"count":28,"href":"https:\/\/ntsg.me\/index.php\/wp-json\/wp\/v2\/pages\/135\/revisions"}],"predecessor-version":[{"id":188,"href":"https:\/\/ntsg.me\/index.php\/wp-json\/wp\/v2\/pages\/135\/revisions\/188"}],"wp:attachment":[{"href":"https:\/\/ntsg.me\/index.php\/wp-json\/wp\/v2\/media?parent=135"}],"curies":[{"name":"wp","href":"https:\/\/api.w.org\/{rel}","templated":true}]}}